{"id":22086,"date":"2025-11-10T18:17:19","date_gmt":"2025-11-10T18:17:19","guid":{"rendered":"https:\/\/mainstaymedical.com\/?page_id=22086"},"modified":"2025-12-12T08:59:26","modified_gmt":"2025-12-12T08:59:26","slug":"transparency-in-coverage-rule","status":"publish","type":"page","link":"https:\/\/mainstaymedical.com\/de\/transparency-in-coverage-rule\/","title":{"rendered":"Transparency In\u00a0Coverage Rule"},"content":{"rendered":"\t\t<div data-elementor-type=\"wp-page\" data-elementor-id=\"22086\" class=\"elementor elementor-22086\" data-elementor-post-type=\"page\">\n\t\t\t\t<div class=\"elementor-element elementor-element-a0001b2 e-flex e-con-boxed e-con e-parent\" data-id=\"a0001b2\" data-element_type=\"container\" data-e-type=\"container\" data-settings=\"{&quot;background_background&quot;:&quot;classic&quot;}\">\n\t\t\t\t\t<div class=\"e-con-inner\">\n\t\t\t\t<div class=\"elementor-element elementor-element-12649bc elementor-widget__width-initial elementor-headline--style-highlight elementor-widget elementor-widget-animated-headline\" data-id=\"12649bc\" data-element_type=\"widget\" data-e-type=\"widget\" data-settings=\"{&quot;highlighted_text&quot;:&quot;Kosten\\u00fcbernahme&quot;,&quot;headline_style&quot;:&quot;highlight&quot;,&quot;marker&quot;:&quot;circle&quot;,&quot;loop&quot;:&quot;yes&quot;,&quot;highlight_animation_duration&quot;:1200,&quot;highlight_iteration_delay&quot;:8000}\" data-widget_type=\"animated-headline.default\">\n\t\t\t\t\t\t\t<h3 class=\"elementor-headline\">\n\t\t\t\t\t<span class=\"elementor-headline-plain-text elementor-headline-text-wrapper\">Transparenz in der<\/span>\n\t\t\t\t<span class=\"elementor-headline-dynamic-wrapper elementor-headline-text-wrapper\">\n\t\t\t\t\t<span class=\"elementor-headline-dynamic-text elementor-headline-text-active\">Kosten\u00fcbernahme<\/span>\n\t\t\t\t<\/span>\n\t\t\t\t<\/h3>\n\t\t\t\t\t\t<\/div>\n\t\t\t\t<div class=\"elementor-element elementor-element-2673c0b elementor-widget__width-initial elementor-widget-tablet__width-inherit elementor-widget elementor-widget-text-editor\" data-id=\"2673c0b\" data-element_type=\"widget\" data-e-type=\"widget\" data-widget_type=\"text-editor.default\">\n\t\t\t\t\t\t\t\t\t<p>Dieser Link f\u00fchrt zu den maschinenlesbaren Dateien, die als Reaktion auf die Bundesvorschrift \u201eTransparency in Coverage Rule\u201c (Transparenz in der Kosten\u00fcbernahme) zur Verf\u00fcgung gestellt werden und die zwischen den Krankenkassen und den Leistungserbringern ausgehandelte Leistungss\u00e4tze und zul\u00e4ssige Betr\u00e4ge au\u00dferhalb des Netzwerks enthalten. Die maschinenlesbaren Dateien sind so formatiert, dass Forschende, Regulierungsbeh\u00f6rden und Anwendungsentwickler leichter auf die Daten zugreifen und sie analysieren k\u00f6nnen.<\/p>\t\t\t\t\t\t\t\t<\/div>\n\t\t\t\t\t<\/div>\n\t\t\t\t<\/div>\n\t\t\t\t<\/div>\n\t\t","protected":false},"excerpt":{"rendered":"<p>Transparenz in der Kosten\u00fcbernahme Dieser Link f\u00fchrt zu den maschinenlesbaren Dateien, die als Reaktion auf die Bundesvorschrift \u201eTransparency in Coverage Rule\u201c (Transparenz in der Kosten\u00fcbernahme) zur Verf\u00fcgung gestellt werden und die zwischen den Krankenkassen und den Leistungserbringern ausgehandelte Leistungss\u00e4tze und zul\u00e4ssige Betr\u00e4ge au\u00dferhalb des Netzwerks enthalten. Die maschinenlesbaren Dateien sind so formatiert, dass Forschende, Regulierungsbeh\u00f6rden [&hellip;]<\/p>\n","protected":false},"author":1,"featured_media":22079,"parent":0,"menu_order":0,"comment_status":"closed","ping_status":"closed","template":"","meta":{"_acf_changed":false,"footnotes":""},"class_list":["post-22086","page","type-page","status-publish","has-post-thumbnail","hentry"],"acf":[],"_links":{"self":[{"href":"https:\/\/mainstaymedical.com\/de\/wp-json\/wp\/v2\/pages\/22086","targetHints":{"allow":["GET"]}}],"collection":[{"href":"https:\/\/mainstaymedical.com\/de\/wp-json\/wp\/v2\/pages"}],"about":[{"href":"https:\/\/mainstaymedical.com\/de\/wp-json\/wp\/v2\/types\/page"}],"author":[{"embeddable":true,"href":"https:\/\/mainstaymedical.com\/de\/wp-json\/wp\/v2\/users\/1"}],"replies":[{"embeddable":true,"href":"https:\/\/mainstaymedical.com\/de\/wp-json\/wp\/v2\/comments?post=22086"}],"version-history":[{"count":13,"href":"https:\/\/mainstaymedical.com\/de\/wp-json\/wp\/v2\/pages\/22086\/revisions"}],"predecessor-version":[{"id":22099,"href":"https:\/\/mainstaymedical.com\/de\/wp-json\/wp\/v2\/pages\/22086\/revisions\/22099"}],"wp:featuredmedia":[{"embeddable":true,"href":"https:\/\/mainstaymedical.com\/de\/wp-json\/wp\/v2\/media\/22079"}],"wp:attachment":[{"href":"https:\/\/mainstaymedical.com\/de\/wp-json\/wp\/v2\/media?parent=22086"}],"curies":[{"name":"wp","href":"https:\/\/api.w.org\/{rel}","templated":true}]}}