{"id":22459,"date":"2025-12-15T10:56:42","date_gmt":"2025-12-15T10:56:42","guid":{"rendered":"https:\/\/mainstaymedical.com\/?page_id=22459"},"modified":"2025-12-16T13:42:33","modified_gmt":"2025-12-16T13:42:33","slug":"sicherheit-usa-3","status":"publish","type":"page","link":"https:\/\/mainstaymedical.com\/de\/sicherheit-usa-3\/","title":{"rendered":"Sicherheit Usa"},"content":{"rendered":"\t\t<div data-elementor-type=\"wp-page\" data-elementor-id=\"22459\" class=\"elementor elementor-22459\" data-elementor-post-type=\"page\">\n\t\t\t\t<div class=\"elementor-element elementor-element-88c3b3c e-flex e-con-boxed e-con e-parent\" data-id=\"88c3b3c\" data-element_type=\"container\" data-e-type=\"container\" data-settings=\"{&quot;background_background&quot;:&quot;classic&quot;}\">\n\t\t\t\t\t<div class=\"e-con-inner\">\n\t\t\t\t<div class=\"elementor-element elementor-element-c9bfd17 elementor-widget elementor-widget-heading\" data-id=\"c9bfd17\" data-element_type=\"widget\" data-e-type=\"widget\" data-widget_type=\"heading.default\">\n\t\t\t\t\t<h4 class=\"elementor-heading-title elementor-size-default\">Nur f\u00fcr EU\n<\/h4>\t\t\t\t<\/div>\n\t\t\t\t<div class=\"elementor-element elementor-element-36c140e elementor-widget-tablet__width-inherit elementor-widget__width-initial elementor-headline--style-highlight elementor-widget elementor-widget-animated-headline\" data-id=\"36c140e\" data-element_type=\"widget\" data-e-type=\"widget\" data-settings=\"{&quot;highlighted_text&quot;:&quot;zu ReActiv8&quot;,&quot;headline_style&quot;:&quot;highlight&quot;,&quot;marker&quot;:&quot;circle&quot;}\" data-widget_type=\"animated-headline.default\">\n\t\t\t\t\t\t\t<h1 class=\"elementor-headline\">\n\t\t\t\t\t<span class=\"elementor-headline-plain-text elementor-headline-text-wrapper\">Sicherheitshinweise <\/span>\n\t\t\t\t<span class=\"elementor-headline-dynamic-wrapper elementor-headline-text-wrapper\">\n\t\t\t\t\t<span class=\"elementor-headline-dynamic-text elementor-headline-text-active\">zu ReActiv8<\/span>\n\t\t\t\t<\/span>\n\t\t\t\t<\/h1>\n\t\t\t\t\t\t<\/div>\n\t\t\t\t\t<\/div>\n\t\t\t\t<\/div>\n\t\t<div class=\"elementor-element elementor-element-165fd02 e-flex e-con-boxed e-con e-parent\" data-id=\"165fd02\" data-element_type=\"container\" data-e-type=\"container\">\n\t\t\t\t\t<div class=\"e-con-inner\">\n\t\t\t\t<div class=\"elementor-element elementor-element-14f1026 elementor-widget elementor-widget-heading\" data-id=\"14f1026\" data-element_type=\"widget\" data-e-type=\"widget\" data-widget_type=\"heading.default\">\n\t\t\t\t\t<h2 class=\"elementor-heading-title elementor-size-default\">EU Only\n<\/h2>\t\t\t\t<\/div>\n\t\t\t\t<div class=\"elementor-element elementor-element-0834a41 elementor-widget elementor-widget-text-editor\" data-id=\"0834a41\" data-element_type=\"widget\" data-e-type=\"widget\" data-widget_type=\"text-editor.default\">\n\t\t\t\t\t\t\t\t\t<p>Lesen Sie vor Gebrauch alle Kontraindikationen, Warn- und Vorsichtshinweise, zu ber\u00fccksichtigenden Aspekte bei der Patientenauswahl und Anweisungen durch. F\u00fchren Sie alle Bedien-, Wartungs- und Installationsvorg\u00e4nge wie im vorliegenden Handbuch beschrieben durch. Andernfalls sind m\u00f6gliche ernsthafte Verletzungen oder der Tod des Patienten die Folge.<\/p><p>Die Sicherheit kann beeintr\u00e4chtigt sein, wenn die am ReActiv8-System durchgef\u00fchrten Bedien- und Wartungsvorg\u00e4nge von denen, die im vorliegenden Handbuch beschrieben sind, abweichen. Diese Vorg\u00e4nge sind nur von entsprechend geschulten und qualifizierten Personen durchzuf\u00fchren.<\/p><p>Bestimmungsgem\u00e4\u00dfer Gebrauch\/Anwendungsindikation: ReActiv8 ist als Erg\u00e4nzung zur medizinischen Behandlung von chronischen Schmerzen der unteren Lendenwirbels\u00e4ule indiziert, um Schmerzen zu lindern bei Erwachsenen, die sich bereits einer medizinischen Behandlung und einer physikalischen Therapie unterzogen haben.<\/p><p>Kontraindikationen: ReActiv8 ist kontraindiziert f\u00fcr Patienten, die nicht in der Lage sind, das System zu bedienen oder bei denen der operative Eingriff zur Implantation von ReActiv8 nicht m\u00f6glich ist.<\/p>\t\t\t\t\t\t\t\t<\/div>\n\t\t\t\t<div class=\"elementor-element elementor-element-ba32cd4 elementor-widget elementor-widget-heading\" data-id=\"ba32cd4\" data-element_type=\"widget\" data-e-type=\"widget\" data-widget_type=\"heading.default\">\n\t\t\t\t\t<h4 class=\"elementor-heading-title elementor-size-default\">Warnungen:<\/h4>\t\t\t\t<\/div>\n\t\t\t\t<div class=\"elementor-element elementor-element-dd8566d elementor-widget elementor-widget-text-editor\" data-id=\"dd8566d\" data-element_type=\"widget\" data-e-type=\"widget\" data-widget_type=\"text-editor.default\">\n\t\t\t\t\t\t\t\t\t<p><strong>Elektromagnetische Interferenz (EMI):<\/strong> Elektromagnetische Interferenz durch elektrische oder magnetische Felder, die von Ger\u00e4ten in h\u00e4uslichen, medizinischen oder \u00f6ffentlichen Umgebungen sowie auf der Arbeit erzeugt werden, kann die Funktion und den Betrieb des ReActiv8 st\u00f6ren oder unterbrechen.<\/p><p><strong>Magnetresonanztomografie (MRT):<\/strong> Die Sicherheit einer MRT in Verbindung mit einem implantierten ReActiv8 wurde bislang nicht untersucht. Personen mit implantiertem ReActiv8-System d\u00fcrfen nicht kernspintomografisch untersucht werden.<\/p><p><strong>Diathermie-Therapie:<\/strong> Die Sicherheit von Diathermie in Verbindung mit einem implantierten ReActiv8 wurde bislang nicht untersucht. Bei Patienten mit implantiertem ReActiv8-System darf keine Kurzwellen-Diathermie, Mikrowellen-Diathermie oder Diathermie mit therapeutischem Ultraschall (alle nachfolgend als \u201eDiathermie\u201c bezeichnet) durchgef\u00fchrt werden.<\/p><p><strong>Defibrillation\/Kardioversion:<\/strong> Bei Patienten mit Kammer- oder Vorhofflimmern hat das \u00dcberleben des Patienten h\u00f6chste Priorit\u00e4t. Eine externe Defibrillation oder Kardioversion kann das ReActiv8-IPG besch\u00e4digen. Dar\u00fcber hinaus k\u00f6nnen in den Elektroden Induktionsstr\u00f6me erzeugt werden, die m\u00f6glicherweise zu Verletzungen des Patienten f\u00fchren.<\/p><p><strong>Elektrokauterisierung und Radiofrequenzablation (RFA):<\/strong> Keine elektrochirurgischen Vorrichtungen in unmittelbarer Umgebung des ReActiv8-IPG oder der Elektroden verwenden. Ein Kontakt zwischen Elektrode und elektrochirurgischer Vorrichtung kann eine direkte Stimulation eines Nervs verursachen und dadurch zu schweren Verletzungen des Patienten f\u00fchren.<\/p><p><strong>Wechselwirkung des ReActiv8 mit anderen implantierbaren Ger\u00e4ten:<\/strong> Die Sicherheit des ReActiv8-Systems in Verbindung mit aktiven implantierbaren Ger\u00e4ten (z. B. Herzschrittmachern, Defibrillatoren, Systemen zur Stimulation des R\u00fcckenmarks) wurde bislang nicht untersucht.<\/p><p><strong>Besch\u00e4digung des Geh\u00e4uses:<\/strong> Wenn das ReActiv8-IPG-Geh\u00e4use gebrochen oder eingerissen ist, k\u00f6nnen durch den Kontakt mit Batteriechemikalien schwere Verbrennungen verursacht werden.<\/p>\t\t\t\t\t\t\t\t<\/div>\n\t\t\t\t<div class=\"elementor-element elementor-element-014ed8c elementor-align-left elementor-tablet-align-left elementor-widget-mobile__width-auto elementor-mobile-align-left elementor-widget elementor-widget-button\" data-id=\"014ed8c\" data-element_type=\"widget\" data-e-type=\"widget\" data-widget_type=\"button.default\">\n\t\t\t\t\t\t\t\t\t\t<a class=\"elementor-button elementor-button-link elementor-size-sm\" href=\"https:\/\/mainstaymedical.com\/wp-content\/uploads\/2025\/10\/ReActiv8-SSED_FDA-Document-2.pdf\" target=\"_blank\">\n\t\t\t\t\t\t<span class=\"elementor-button-content-wrapper\">\n\t\t\t\t\t\t\t\t\t<span class=\"elementor-button-text\">Klicken Sie hier, um das Dokument zu lesen<\/span>\n\t\t\t\t\t<\/span>\n\t\t\t\t\t<\/a>\n\t\t\t\t\t\t\t\t<\/div>\n\t\t\t\t\t<\/div>\n\t\t\t\t<\/div>\n\t\t\t\t<\/div>\n\t\t","protected":false},"excerpt":{"rendered":"<p>Nur f\u00fcr EU Sicherheitshinweise zu ReActiv8 EU Only Lesen Sie vor Gebrauch alle Kontraindikationen, Warn- und Vorsichtshinweise, zu ber\u00fccksichtigenden Aspekte bei der Patientenauswahl und Anweisungen durch. F\u00fchren Sie alle Bedien-, Wartungs- und Installationsvorg\u00e4nge wie im vorliegenden Handbuch beschrieben durch. Andernfalls sind m\u00f6gliche ernsthafte Verletzungen oder der Tod des Patienten die Folge. Die Sicherheit kann beeintr\u00e4chtigt [&hellip;]<\/p>\n","protected":false},"author":11,"featured_media":0,"parent":0,"menu_order":0,"comment_status":"closed","ping_status":"closed","template":"","meta":{"_acf_changed":false,"footnotes":""},"class_list":["post-22459","page","type-page","status-publish","hentry"],"acf":[],"_links":{"self":[{"href":"https:\/\/mainstaymedical.com\/de\/wp-json\/wp\/v2\/pages\/22459","targetHints":{"allow":["GET"]}}],"collection":[{"href":"https:\/\/mainstaymedical.com\/de\/wp-json\/wp\/v2\/pages"}],"about":[{"href":"https:\/\/mainstaymedical.com\/de\/wp-json\/wp\/v2\/types\/page"}],"author":[{"embeddable":true,"href":"https:\/\/mainstaymedical.com\/de\/wp-json\/wp\/v2\/users\/11"}],"replies":[{"embeddable":true,"href":"https:\/\/mainstaymedical.com\/de\/wp-json\/wp\/v2\/comments?post=22459"}],"version-history":[{"count":4,"href":"https:\/\/mainstaymedical.com\/de\/wp-json\/wp\/v2\/pages\/22459\/revisions"}],"predecessor-version":[{"id":22463,"href":"https:\/\/mainstaymedical.com\/de\/wp-json\/wp\/v2\/pages\/22459\/revisions\/22463"}],"wp:attachment":[{"href":"https:\/\/mainstaymedical.com\/de\/wp-json\/wp\/v2\/media?parent=22459"}],"curies":[{"name":"wp","href":"https:\/\/api.w.org\/{rel}","templated":true}]}}