{"id":22766,"date":"2025-09-23T12:43:35","date_gmt":"2025-09-23T12:43:35","guid":{"rendered":"https:\/\/mainstaymedical.com\/?page_id=22766"},"modified":"2025-12-16T13:03:21","modified_gmt":"2025-12-16T13:03:21","slug":"nutzungsbedingungen","status":"publish","type":"page","link":"https:\/\/mainstaymedical.com\/de\/nutzungsbedingungen\/","title":{"rendered":"Nutzungsbedingungen"},"content":{"rendered":"\t\t<div data-elementor-type=\"wp-page\" data-elementor-id=\"22766\" class=\"elementor elementor-22766 elementor-4256\" data-elementor-post-type=\"page\">\n\t\t\t\t<div class=\"elementor-element elementor-element-7c52b42 e-flex e-con-boxed e-con e-parent\" data-id=\"7c52b42\" data-element_type=\"container\" data-e-type=\"container\" data-settings=\"{&quot;background_background&quot;:&quot;classic&quot;}\">\n\t\t\t\t\t<div class=\"e-con-inner\">\n\t\t\t\t<div class=\"elementor-element elementor-element-68bb47b elementor-widget-mobile__width-inherit elementor-headline--style-highlight elementor-widget elementor-widget-animated-headline\" data-id=\"68bb47b\" data-element_type=\"widget\" data-e-type=\"widget\" data-settings=\"{&quot;headline_style&quot;:&quot;highlight&quot;,&quot;marker&quot;:&quot;circle&quot;,&quot;loop&quot;:&quot;yes&quot;,&quot;highlight_animation_duration&quot;:1200,&quot;highlight_iteration_delay&quot;:8000}\" data-widget_type=\"animated-headline.default\">\n\t\t\t\t\t\t\t<h1 class=\"elementor-headline\">\n\t\t\t\t\t<span class=\"elementor-headline-plain-text elementor-headline-text-wrapper\">Nutzungsbedingungen<\/span>\n\t\t\t\t<span class=\"elementor-headline-dynamic-wrapper elementor-headline-text-wrapper\">\n\t\t\t\t<\/span>\n\t\t\t\t<\/h1>\n\t\t\t\t\t\t<\/div>\n\t\t\t\t\t<\/div>\n\t\t\t\t<\/div>\n\t\t<div class=\"elementor-element elementor-element-f288ca5 e-flex e-con-boxed e-con e-parent\" data-id=\"f288ca5\" data-element_type=\"container\" data-e-type=\"container\">\n\t\t\t\t\t<div class=\"e-con-inner\">\n\t\t\t\t<div class=\"elementor-element elementor-element-8d33839 elementor-widget elementor-widget-text-editor\" data-id=\"8d33839\" data-element_type=\"widget\" data-e-type=\"widget\" data-widget_type=\"text-editor.default\">\n\t\t\t\t\t\t\t\t\t<p>Letzte Aktualisierung: Juni 2021<\/p><p>Diese Website ist Eigentum von <strong>Mainstay Medical International plc,<\/strong> einer nach irischem Recht unter der Nummer 516089 eingetragenen Gesellschaft mit beschr\u00e4nkter Haftung (eingetragene Anschrift: Clonmel House, Forster Way, Swords, Co. Dublin), und ihren Tochtergesellschaften <strong>Mainstay Medical Limited<\/strong> (mit einer Tochtergesellschaft in den Vereinigten Staaten von Amerika, MML US, Inc., einer Gesellschaft nach dem Recht des US-Bundesstaates Delaware) und <strong>Mainstay Medical Distribution Limited<\/strong> (nachfolgend gemeinsam als \u201eMainstay\u201c, \u201ewir\u201c oder \u201euns\u201c bezeichnet).<\/p><p>Diese <strong>Nutzungsbedingungen<\/strong> beziehen sich auf die aktuelle Website, die Sie gerade betrachten (die \u201e<strong>Website<\/strong>\u201c). Der gesamte Zugriff auf diese Website und ihre Nutzung unterliegen diesen Nutzungsbedingungen. Sobald der Nutzer (im vorliegenden Dokument entweder als \u201eNutzer\u201c oder \u201eSie\u201c bezeichnet) diese Website besucht und nutzt, bedeutet dies, dass er die Nutzungsbedingungen gelesen hat und sich mit ihnen sowie mit unserer <a href=\"\/Datenschutzrichtlinie\">Datenschutzrichtlinie<\/a> einverstanden erkl\u00e4rt. Die auf unserer Website bereitgestellten Informationen dienen ausschlie\u00dflich Informationszwecken. Wenn Sie mit diesen Bedingungen nicht einverstanden sind, d\u00fcrfen Sie diese Website nicht nutzen oder auf diese zugreifen und werden gebeten, die Website unverz\u00fcglich zu verlassen.<\/p><h2>Haftungsausschuss<\/h2><p>Diese Website enth\u00e4lt allgemeine Informationen \u00fcber Schmerzen der unteren Lendenwirbels\u00e4ule und deren Behandlung sowie konkrete Informationen \u00fcber die Produkte und Dienstleistungen von Mainstay (insbesondere \u00fcber das implantierbare Neurostimulationssystem ReActiv8). Diese Informationen bieten keine medizinische Beratung. F\u00fcr eine medizinische Beratung und Behandlung sollten Sie immer einen Arzt oder eine andere qualifizierte medizinische Fachkraft aufsuchen. Wenn Sie vermuten, dass bei Ihnen ein medizinischer Notfall vorliegt, rufen Sie sofort Ihren Arzt an: 911 (in den USA) oder 112 (in der Europ\u00e4ischen Union (EU)).<\/p><p>Alle Informationen auf dieser Website k\u00f6nnen ohne vorherige Ank\u00fcndigung ge\u00e4ndert werden. Wir haben uns bem\u00fcht, diese Website hilfreich und pr\u00e4zise zu gestalten. Mainstay \u00fcbernimmt jedoch keine Garantie f\u00fcr die Richtigkeit der auf dieser Website enthaltenen Informationen. Wenn Mainstay auf Fehler oder Auslassungen aufmerksam gemacht wird, werden so schnell wie m\u00f6glich entsprechende \u00c4nderungen vorgenommen.<\/p><p>ALLE AUF DIESER WEBSITE VER\u00d6FFENTLICHTEN MATERIALIEN WERDEN OHNE GEW\u00c4HR UND AUSDR\u00dcCKLICHE ODER STILLSCHWEIGENDE GARANTIEN BEREITGESTELLT. MAINSTAY UND SEINE VERTRETER SOWIE DIE ERSTELLER DER WEBSITE LEHNEN IN VOLLEM GESETZLICH ZUL\u00c4SSIGEN UMFANG JEGLICHE GARANTIE AB, EINSCHLIESSLICH UND OHNE EINSCHR\u00c4NKUNG JEGLICHER GARANTIE DER MARKTF\u00c4HIGKEIT ODER EIGNUNG F\u00dcR EINEN BESTIMMTEN ZWECK. DAS UNTERNEHMEN GARANTIERT NICHT, DASS DIESE WEBSITE OHNE ST\u00d6RUNGEN ODER FEHLERFREI FUNKTIONIERT, DASS M\u00c4NGEL BEHOBEN WERDEN ODER BEHOBEN WERDEN K\u00d6NNEN, ODER DASS AUF DIESER WEBSITE ODER DEM SERVER KEINE VIREN ODER ANDERE SCH\u00c4DLICHE KOMPONENTEN VORHANDEN SIND. DAS UNTERNEHMEN GIBT KEINE GARANTIE ODER ZUSICHERUNG HINSICHTLICH DER MATERIALIEN AUF DIESER WEBSITE IN BEZUG AUF IHRE RICHTIGKEIT, GENAUIGKEIT, ZUVERL\u00c4SSIGKEIT ODER SONSTIGE ASPEKTE.<\/p><h2>Geltungsbereich<\/h2><p>Mainstay stellt diese Website zu Informations- und Bildungszwecken sowie im allgemeinen Interesse der Nutzer zur Verf\u00fcgung. Ihr Zugriff auf die auf dieser Website enthaltenen Informationen und deren Nutzung unterliegt diesen Nutzungsbedingungen. Durch den Zugriff auf diese Website und deren Nutzung akzeptieren Sie diese Nutzungsbedingungen ohne Einschr\u00e4nkung oder Vorbehalt. Mainstay gestattet Ihnen, diese Website zu Informationszwecken und f\u00fcr nicht-kommerzielle Zwecke einzusehen und zu nutzen. Sofern auf dieser Seite nichts anderes angegeben ist, darf kein Teil des Inhalts dieser Website ohne die ausdr\u00fcckliche schriftliche Genehmigung von Mainstay f\u00fcr andere Zwecke kopiert, heruntergeladen oder in einem Datenabfragesystem gespeichert, noch f\u00fcr andere Zwecke weiterverbreitet werden.<\/p><p>Die Nutzung der Website ist darauf beschr\u00e4nkt, die verlinkten Seiten ausschlie\u00dflich zu Informationszwecken einzusehen, um auf die von Mainstay auf dieser Website bereitgestellten Informationen zuzugreifen. Jeder Zugriff oder Versuch, auf andere Bereiche des Computersystems von Mainstay oder auf andere im System enthaltene Informationen zuzugreifen, ist strengstens untersagt.<\/p><h2>Inhalt<\/h2><p>Der Inhalt dieser Website ist als allgemeine Informationsquelle gedacht, um Ihnen eine Vielzahl von Informationen zur Verf\u00fcgung zu stellen. Dazu z\u00e4hlen Informationen \u00fcber Mainstay-Produkte und allgemeine Hinweise zu Schmerzen der unteren Lendenwirbels\u00e4ule sowie deren Behandlung. Diese Informationen ersetzen keine medizinische Beratung und dienen auch nicht der Entscheidungsfindung oder dazu, irgendeine Richtung vorzugeben. F\u00fcr eine medizinische Beratung und Behandlung sollten Sie immer einen Arzt oder eine andere qualifizierte medizinische Fachkraft aufsuchen.<\/p><h2>Haftungsbeschr\u00e4nkung<\/h2><p>MAINSTAY, SEINE VERTRETER ODER DIE ERSTELLER DER WEBSITE HAFTEN IN KEINEM FALL F\u00dcR DIREKTE, INDIREKTE, VERSEHENTLICHE, STRAFBARE, BESONDERE SCH\u00c4DEN ODER FOLGESCH\u00c4DEN, VERLUSTE ODER VERPFLICHTUNGEN JEGLICHER ART (EINSCHLIESSLICH, ABER NICHT AUSSCHLIESSLICH, DERJENIGEN, DIE SICH AUS ENTGANGENEM GEWINN, DATENVERLUSTEN ODER GESCH\u00c4FTSAUSF\u00c4LLEN ERGEBEN), DIE SICH AUS DER NUTZUNG, DER NICHT M\u00d6GLICHEN NUTZUNG ODER DEN FOLGEN DER NUTZUNG ODER DES VERTRAUENS IN DIESE WEBSITE ODER DEN ZUGANG ZU MATERIALIEN AUF DER WEBSITE, AUF MIT DIESER WEBSITE VERLINKTEN WEBSITES, ODER DEN MATERIALIEN ODER INFORMATIONEN, DIE AUF EINER ODER ALLEN DIESEN WEBSITES ENTHALTEN SIND, ODER AUS EINEM LEISTUNGSAUSFALL, EINEM FEHLER, EINER UNTERLASSUNG, EINER ST\u00d6RUNG, EINEM DEFEKT, EINER VERZ\u00d6GERUNG BEI DER \u00dcBERTRAGUNG, EINEM COMPUTERVIRUS ODER EINEM TELEKOMMUNIKATIONSAUSFALL DIESER WEBSITE. UNABH\u00c4NGIG DAVON, OB SIE AUF EINER GARANTIE, EINEM VERTRAG, EINER UNERLAUBTEN HANDLUNG ODER EINER ANDEREN RECHTSGRUNDLAGE BERUHEN, UND UNABH\u00c4NGIG DAVON, OB SIE AUF DIE M\u00d6GLICHKEIT SOLCHER SCH\u00c4DEN HINGEWIESEN WURDEN ODER NICHT, SELBST WENN EIN SOLCHER VERLUST ODER SCHADEN DURCH FAHRL\u00c4SSIGKEIT DES UNTERNEHMENS ODER SEINER VERTRETER VERURSACHT WURDE. WENN DURCH IHRE NUTZUNG DER MATERIALIEN ODER INFORMATIONEN DIESER WEBSITE EINE WARTUNG, REPARATUR ODER KORREKTUR VON GER\u00c4TEN ODER DATEN ERFORDERLICH WIRD, \u00dcBERNEHMEN SIE ALLE KOSTEN DAF\u00dcR. NACH GELTENDEM RECHT IST DER AUSSCHLUSS ODER DIE BESCHR\u00c4NKUNG VON ZUF\u00c4LLIGE SCH\u00c4DEN ODER FOLGESCH\u00c4DEN M\u00d6GLICHERWEISE NICHT ZUL\u00c4SSIG. DAHER TRIFFT DIE VORSTEHENDE EINSCHR\u00c4NKUNG BZW. DER VORSTEHENDE AUSSCHLUSS GEBEBENENFALLS NICHT AUF SIE ZU.<\/p><p>DAR\u00dcBER HINAUS \u00dcBERNIMMT DAS UNTERNEHMEN KEINE HAFTUNG GEGEN\u00dcBER PERSONEN F\u00dcR VERLETZUNGEN ODER VERLUSTE (EINSCHLIESSLICH PERSONENSCH\u00c4DEN UND FOLGESCH\u00c4DEN), DIE W\u00c4HREND EINER BEHANDLUNG, DIE AUF DER WEBSITE BESCHRIEBEN ODER ERW\u00c4HNT WIRD, ENTSTEHEN. DAS AUF DER WEBSITE VORHANDENE MATERIAL DIENT AUSSCHLIESSLICH ZUR INFORMATION UND DAS UNTERNEHMEN \u00dcBERNIMMT KEINE GARANTIE F\u00dcR DIE SICHERHEIT DIESER BEHANDLUNGEN.<\/p><h2>Schadenersatz<\/h2><p>Sie erkl\u00e4ren sich damit einverstanden, Mainstay, seine leitenden Angestellten, Gesch\u00e4ftsf\u00fchrer, Mitarbeiter, Vertreter und Lizenznehmer in Bezug auf jegliche Haftung zu sch\u00fctzen, zu entsch\u00e4digen und schadlos zu halten. Hierzu z\u00e4hlen Kosten, Ausgaben und Anwaltsgeb\u00fchren, die sich aus einer von Ihnen hervorgerufenen Verletzung dieser Nutzungsbedingungen ergeben.<\/p><h2>Datenschutzrichtlinie<\/h2><p>Mainstay achtet auf den Schutz der Daten seiner Website-Nutzer. Bitte lesen Sie sich unsere <a href=\"\/Datenschutzrichtlinie\">Datenschutzrichtlinie<\/a> durch. Diese informiert Sie \u00fcber unsere Praktiken bez\u00fcglich der Erhebung, Verwendung und Weitergabe von Informationen, die Sie Mainstay \u00fcber diese Website unter Umst\u00e4nden zur Verf\u00fcgung stellen. Die <a href=\"\/Datenschutzrichtlinie\">Datenschutzrichtlinie<\/a> kann sich von Zeit zu Zeit \u00e4ndern.<\/p><h2>An Mainstay gesendete E-Mails<\/h2><p>E-Mails oder andere \u00dcbermittlungen \u00fcber das Internet sind m\u00f6glicherweise nicht vertraulich oder gesch\u00fctzt. Ber\u00fccksichtigen Sie dies bitte, bevor Sie personenbezogene oder vertrauliche Informationen per E-Mail an Mainstay oder angeschlossenes Unternehmen senden. Mainstay kann keine Verantwortung f\u00fcr Informationen \u00fcbernehmen, die \u00fcber die Website \u00fcbermittelt werden. Mainstay kann auch nicht garantieren, dass elektronische Gesch\u00e4ftsvorg\u00e4nge oder Mitteilungen g\u00e4nzlich zuverl\u00e4ssig gesch\u00fctzt sind.<\/p><h2>Eingaben<\/h2><p>Wir freuen uns \u00fcber Eingaben \u00fcber diese Website in Form von R\u00fcckfragen, Anfragen, Benutzerdaten und anderen Informationen. Wenn Sie Mainstay \u00fcber diese Website Informationen \u00fcbermitteln (z. B. \u00fcber die Kontaktseite, per E-Mail, \u00fcber Formulare und\/oder Frageb\u00f6gen), d\u00fcrfen alle diese Informationen von Mainstay in \u00dcbereinstimmung mit der <a href=\"\/Datenschutzrichtlinie\">Datenschutzrichtlinie<\/a> und in \u00dcbereinstimmung mit den geltenden Gesetzen und Vorschriften verarbeitet und genutzt werden. Mainstay darf die Informationen in angemessener Weise nutzen, ohne den Nutzer oder Besucher, der die Informationen zur Verf\u00fcgung gestellt hat, zu entsch\u00e4digen. Sie erkl\u00e4ren, dass Sie f\u00fcr alle Beitr\u00e4ge, die Sie zur Verf\u00fcgung stellen, verantwortlich sind und dass nicht Mainstay, sondern Sie die volle Verantwortung f\u00fcr die Angemessenheit, Rechtm\u00e4\u00dfigkeit und Richtigkeit der Beitr\u00e4ge tragen.<\/p><h2>Informationen, Neuigkeiten und Pressemitteilungen<\/h2><p>Auf dieser Website finden Sie Informationen, Neuigkeiten und Pressemitteilungen \u00fcber Mainstay. Zum Zeitpunkt der Erstellung wurde die Richtigkeit dieser Informationen angenommen. Mainstay lehnt jedoch jegliche Verpflichtung zur Aktualisierung dieser Informationen, Nachrichten oder Pressemitteilungen ab. Informationen \u00fcber Unternehmen, bei denen es sich nicht um Mainstay handelt, die in den Nachrichten, Pressemitteilungen oder anderweitig angegeben werden, sollten nicht als von Mainstay bereitgestellt oder geduldet betrachtet werden.<\/p><h2>Aktualisierungen<\/h2><p>Bestimmte Seiten und Abschnitte der Mainstay-Website m\u00fcssen in regelm\u00e4\u00dfigen Abst\u00e4nden, oder sobald neue relevante Informationen verf\u00fcgbar sind, aktualisiert werden. Diese Abschnitte werden gegebenenfalls mit der Datumsangabe \u201eZuletzt aktualisiert am: TT\/MM\/JJJJ\u201c oder anderweitig gekennzeichnet. Die Datumsangaben werden aktualisiert, wenn die Seiten nach einer regelm\u00e4\u00dfigen \u00dcberpr\u00fcfung immer noch als aktuell gelten. Bei technischen \u00c4nderungen (z. B. Aktualisierungen von Abschnittsverweisen oder grammatikalischen Verbesserungen) wird das Datum m\u00f6glicherweise nicht aktualisiert.<\/p><h2>Links<\/h2><p>Aus praktischen Gr\u00fcnden enth\u00e4lt diese Website m\u00f6glicherweise Links zu Websites anderer Unternehmen, die von diesen Dritten unterhalten und betrieben werden. Mainstay hat weder die Kontrolle \u00fcber diese verlinkten Seiten, noch tr\u00e4gt es die Verantwortung f\u00fcr den Inhalt anderer Seiten, die mit dieser Website verlinkt sind. Dar\u00fcber deuten solche Links nicht darauf hin, dass Mainstay das Material auf einer anderen Website bef\u00fcrwortet, f\u00f6rdert oder empfiehlt. Mainstay lehnt zudem jede (ausdr\u00fcckliche oder stillschweigende) Garantie f\u00fcr den Inhalt und die Funktionsweise dieser Websites ab. Dar\u00fcber hinaus lehnt Mainstay jegliche Haftung f\u00fcr Links (i) von einer anderen Website zur Website und (ii) zu einer anderen Website von der Website aus ab.<\/p><h2>Cookie-Richtlinie<\/h2><p>[Siehe <a href=\"\/Datenschutzrichtlinie\">Datenschutzrichtlinie<\/a>]<\/p><h2>\u00c4nderungen<\/h2><p>Mainstay beh\u00e4lt sich das Recht vor, seine Nutzungsbedingungen jederzeit und immer wieder zu \u00e4ndern oder zu erg\u00e4nzen. Mainstay ist bestrebt, \u00c4nderungen der Nutzungsbedingungen auf der Website zu ver\u00f6ffentlichen, wenn dies notwendig und angemessen ist, und wird das Datum der letzten Aktualisierung in der obigen Einleitung angeben. Bitte schauen Sie regelm\u00e4\u00dfig auf der Website nach der neuesten Version der Nutzungsbedingungen.<\/p><h2>Geistiges Eigentum<\/h2><p>Diese Website kann Marken und Dienstleistungsmarken enthalten. Sofern nicht anders angegeben, sind alle Marken Eigentum der Inhaber dieser Marken. Alle Rechte an dem auf dieser Website enthaltenen geistigen Eigentum, einschlie\u00dflich des Urheberrechts, der Marken, des Gesch\u00e4ftsgeheimnisses und der Patentrechte, sind vorbehalten. Mainstay Medical und ReActiv8 sind eingetragene Marken von Mainstay Medical Limited. Das Produkt und dessen Verwendungsarten sind durch folgende und weitere US-amerikanische Patente gesch\u00fctzt: 8,428,728. Der redaktionelle Inhalt dieser Website sowie alle Texte, Grafiken, Logos, Icons, Bilder, Audioclips und die gesamte Software unterliegen dem Urheberrecht von Mainstay und\/oder der Autoren, Fotografen und Illustratoren, die Material zu dieser Website beisteuern. Der Nutzer darf weder ein Urheberrechtssymbol noch eine andere Kennzeichnung oder Information bez\u00fcglich der Urheberschaft oder des Eigentums an den Inhalten der Website ver\u00e4ndern oder entfernen. Durch den Zugriff auf diese Website wird kein Recht zur Vervielf\u00e4ltigung oder Nutzung des geistigen Eigentums von Mainstay oder seiner Partner gew\u00e4hrt. Au\u00dferdem ist es den Nutzern nicht gestattet, den Inhalt dieser Website zu kopieren, zu vermarkten, weiterzuverkaufen, zu vertreiben, weiterzuleiten, zu ver\u00f6ffentlichen, hochzuladen, herunterzuladen, zu speichern, \u00f6ffentlich zug\u00e4nglich zu machen, zu ver\u00e4ndern oder zu modifizieren oder den Inhalt der Website in irgendeiner Form zu \u00fcbertragen oder kommerziell zu nutzen.<\/p><h2>Minderj\u00e4hrige<\/h2><p>Wenn Sie 18 Jahre alt oder j\u00fcnger sind, bitten wir Sie, die Erlaubnis Ihrer Eltern\/Erziehungsberechtigten einzuholen, bevor Sie uns \u00fcber diese Website personenbezogene Daten zur Verf\u00fcgung stellen. Nutzer ohne diese Einverst\u00e4ndniserkl\u00e4rung sind nicht berechtigt, uns personenbezogene Daten zur Verf\u00fcgung zu stellen.<\/p><p>Mainstay befolgt die Vorschriften zur Kennzeichnung und beh\u00f6rdlichen Zulassung in allen relevanten L\u00e4ndern und Regionen. Mainstay vermarktet und bewirbt seine Produkte ausschlie\u00dflich bei zul\u00e4ssigen Patientengruppen. Mainstay wird unter keinen Umst\u00e4nden wissentlich Produkte oder Dienstleistungen an Personen ausliefern, bei diesen anpreisen oder diesen empfehlen, die j\u00fcnger als 13 Jahre sind. Wir werden auch nicht wissentlich personenbezogene Daten von Personen unter 13 Jahren erfassen. Wenn Sie j\u00fcnger als 13 Jahre sind, nutzen Sie diese Website bitte nicht weiter und sprechen Sie mit Ihren Eltern oder Ihrem Erziehungsberechtigten, ob Sie Informationen \u00fcber Mainstay-Produkte und -Dienstleistungen erhalten d\u00fcrfen.<\/p><h2>Verst\u00f6\u00dfe<\/h2><p>Mainstay beh\u00e4lt sich das Recht vor, bei Verst\u00f6\u00dfen gegen diese Nutzungsbedingungen alle gesetzlich und nach dem Billigkeitsrecht verf\u00fcgbaren Rechtsmittel zu ergreifen. Dazu z\u00e4hlt auch das Recht, den Zugriff von einer bestimmten Internetadresse auf die Website zu sperren.<\/p><h3>Verwendung von Informationen<\/h3><p>Mainstay beh\u00e4lt sich das Recht vor, und Sie erm\u00e4chtigen Mainstay dazu, alle Informationen \u00fcber Ihre Nutzung dieser Website und alle von Ihnen zur Verf\u00fcgung gestellten Informationen in \u00dcbereinstimmung mit unserer <a href=\"\/Datenschutzrichtlinie\">Datenschutzrichtlinie<\/a> zu verwenden.<\/p><h3>Geltendes Recht<\/h3><p>Mainstay \u00fcbernimmt keine Gew\u00e4hr daf\u00fcr, dass die Informationen auf der Website f\u00fcr die Nutzung an anderen Orten geeignet oder zug\u00e4nglich sind. Au\u00dferdem ist es verboten, auf die Website von Gebieten aus zuzugreifen, in denen der Inhalt der Website m\u00f6glicherweise illegal ist. Diejenigen, die von anderen Orten aus auf die Website zugreifen, tun dies auf eigene Verantwortung und sind f\u00fcr die Einhaltung der geltenden lokalen Gesetze verantwortlich. Diese Nutzungsbedingungen und die Beilegung von Streitigkeiten im Zusammenhang mit ihnen oder der Nutzung dieser Website unterliegen den Gesetzen der Vereinigten Staaten von Amerika und sind ausschlie\u00dflich der Rechtsprechung der US-amerikanischen Gerichte unterworfen. Dies hindert Mainstay nicht daran, eine Klage wegen Vertragsbruch, Urheberrechtsverletzung oder aus anderen Gr\u00fcnden in Bezug auf diese Nutzungsbedingungen in jeder anderen Gerichtsbarkeit weltweit anzustrengen.<\/p><h2>Kontakt zu uns aufnehmen<\/h2><p>Wenn Sie Fragen zu diesen Nutzungsbedingungen (oder zur <a href=\"\/Datenschutzrichtlinie\">Datenschutzrichtlinie<\/a>) haben, kontaktieren Sie uns bitte \u00fcber die Seite Kontakt oder senden Sie einen Brief an:<\/p><p>Zu H\u00e4nden: Legal Department<br \/>Mainstay Medical International plc<br \/>77 Sir John Rogersons Quay, Block C<br \/>Grand Canal Docklands, Dublin 2, D02T804, Dublin, Irland<\/p>\t\t\t\t\t\t\t\t<\/div>\n\t\t\t\t\t<\/div>\n\t\t\t\t<\/div>\n\t\t\t\t<\/div>\n\t\t","protected":false},"excerpt":{"rendered":"<p>Nutzungsbedingungen Letzte Aktualisierung: Juni 2021 Diese Website ist Eigentum von Mainstay Medical International plc, einer nach irischem Recht unter der Nummer 516089 eingetragenen Gesellschaft mit beschr\u00e4nkter Haftung (eingetragene Anschrift: Clonmel House, Forster Way, Swords, Co. Dublin), und ihren Tochtergesellschaften Mainstay Medical Limited (mit einer Tochtergesellschaft in den Vereinigten Staaten von Amerika, MML US, Inc., einer [&hellip;]<\/p>\n","protected":false},"author":1,"featured_media":21758,"parent":0,"menu_order":0,"comment_status":"closed","ping_status":"closed","template":"elementor_header_footer","meta":{"_acf_changed":false,"footnotes":""},"class_list":["post-22766","page","type-page","status-publish","has-post-thumbnail","hentry"],"acf":[],"_links":{"self":[{"href":"https:\/\/mainstaymedical.com\/de\/wp-json\/wp\/v2\/pages\/22766","targetHints":{"allow":["GET"]}}],"collection":[{"href":"https:\/\/mainstaymedical.com\/de\/wp-json\/wp\/v2\/pages"}],"about":[{"href":"https:\/\/mainstaymedical.com\/de\/wp-json\/wp\/v2\/types\/page"}],"author":[{"embeddable":true,"href":"https:\/\/mainstaymedical.com\/de\/wp-json\/wp\/v2\/users\/1"}],"replies":[{"embeddable":true,"href":"https:\/\/mainstaymedical.com\/de\/wp-json\/wp\/v2\/comments?post=22766"}],"version-history":[{"count":4,"href":"https:\/\/mainstaymedical.com\/de\/wp-json\/wp\/v2\/pages\/22766\/revisions"}],"predecessor-version":[{"id":22770,"href":"https:\/\/mainstaymedical.com\/de\/wp-json\/wp\/v2\/pages\/22766\/revisions\/22770"}],"wp:featuredmedia":[{"embeddable":true,"href":"https:\/\/mainstaymedical.com\/de\/wp-json\/wp\/v2\/media\/21758"}],"wp:attachment":[{"href":"https:\/\/mainstaymedical.com\/de\/wp-json\/wp\/v2\/media?parent=22766"}],"curies":[{"name":"wp","href":"https:\/\/api.w.org\/{rel}","templated":true}]}}